{"id":19,"date":"2016-08-16T11:29:54","date_gmt":"2016-08-16T09:29:54","guid":{"rendered":"http:\/\/france-lex.com\/?page_id=19"},"modified":"2019-10-11T17:37:13","modified_gmt":"2019-10-11T15:37:13","slug":"le-cabinet-du-manoir-de-juaye","status":"publish","type":"page","link":"https:\/\/france-lex.com\/fr\/le-cabinet-du-manoir-de-juaye\/","title":{"rendered":"L&rsquo;\u00e9quipe"},"content":{"rendered":"<p>Le cabinet du Manoir de Juaye, situ\u00e9 au 5\/7 rue Georges Berger, regroupe une \u00e9quipe de plus de 13 avocats travaillant \u00e9troitement ensemble pour r\u00e9pondre au mieux attentes de nos clients.<\/p>\n<p>Par \u00e9thique et par vocation, nous avons plac\u00e9 l\u2019humain au c\u0153ur des valeurs de notre m\u00e9tier. Nous conseillons et d\u00e9fendons des entreprises, des personnes de droit public, mais aussi des travailleurs, des \u00e9pargnants et des associations \u00e0 but non lucratif avec la m\u00eame ferveur.<\/p>\n<p>Pour mieux nous connaitre, n&rsquo;h\u00e9sitez pas \u00e0 consultez les profils de nos principaux avocats, list\u00e9s en fonction de leur domaine d&rsquo;activit\u00e9, dans la colonne de droite.<\/p>\n<p><a href=\"http:\/\/fr.linkedin.com\/in\/dumanoirdejuaye\" target=\"_blank\" rel=\"noopener\" hreflang=\"fr\">Nous rejoindre sur Linkedin<\/a><br \/>\n<a href=\"http:\/\/www.viadeo.com\/fr\/profile\/thibault.dumanoirdejuaye\" target=\"_blank\" rel=\"noopener\" hreflang=\"fr\">Rejoindre sur Viad\u00e9o<\/a><br \/>\n<a href=\"http:\/\/www.facebook.com\/dumanoir.dejuaye\" target=\"_blank\" rel=\"noopener\" hreflang=\"fr\">Nous rejoindre sur Facebook<\/a><br \/>\n<a class=\"twitter-follow-button\" href=\"http:\/\/twitter.com\/juaye\" target=\"_blank\" rel=\"noopener\" data-lang=\"fr\" data-show-count=\"false\">Suivre @juaye<\/a><br \/>\n<script type=\"text\/javascript\" src=\"https:\/\/platform.twitter.com\/widgets.js\"><\/script><\/p>\n","protected":false},"excerpt":{"rendered":"<p>Le cabinet du Manoir de Juaye, situ\u00e9 au 5\/7 rue Georges Berger, regroupe une \u00e9quipe de plus de 13 avocats&#8230;<\/p>\n<p class=\"read-more\"><a class=\"btn btn-default\" href=\"https:\/\/france-lex.com\/fr\/le-cabinet-du-manoir-de-juaye\/\">Lire la suite<span class=\"screen-reader-text\"> Lire la suite<\/span><\/a><\/p>\n","protected":false},"author":3,"featured_media":577,"parent":0,"menu_order":0,"comment_status":"closed","ping_status":"closed","template":"","meta":{"footnotes":""},"acf":[],"yoast_head":"<!-- This site is optimized with the Yoast SEO plugin v22.2 - https:\/\/yoast.com\/wordpress\/plugins\/seo\/ -->\n<title>Le cabinet du Manoir de Juaye est compos\u00e9e d&#039;une \u00e9quipe d&#039;avocats<\/title>\n<meta name=\"description\" content=\"Le cabinet du Manoir de Juaye est compos\u00e9e d&#039;une \u00e9quipe d&#039;avocats sp\u00e9cialis\u00e9s en droit de la s\u00e9curit\u00e9 priv\u00e9e, propri\u00e9t\u00e9 intellectuelle et droit de la donn\u00e9e\" \/>\n<meta name=\"robots\" content=\"index, follow, max-snippet:-1, max-image-preview:large, max-video-preview:-1\" \/>\n<link rel=\"canonical\" href=\"https:\/\/france-lex.com\/fr\/le-cabinet-du-manoir-de-juaye\/\" \/>\n<meta property=\"og:locale\" content=\"fr_FR\" \/>\n<meta property=\"og:type\" content=\"article\" \/>\n<meta property=\"og:title\" content=\"Le cabinet du Manoir de Juaye est compos\u00e9e d&#039;une \u00e9quipe d&#039;avocats\" \/>\n<meta property=\"og:description\" content=\"Le cabinet du Manoir de Juaye est compos\u00e9e d&#039;une \u00e9quipe d&#039;avocats sp\u00e9cialis\u00e9s en droit de la s\u00e9curit\u00e9 priv\u00e9e, propri\u00e9t\u00e9 intellectuelle et droit de la donn\u00e9e\" \/>\n<meta property=\"og:url\" content=\"https:\/\/france-lex.com\/fr\/le-cabinet-du-manoir-de-juaye\/\" \/>\n<meta property=\"og:site_name\" content=\"SOCI\u00c9T\u00c9 D&#039;AVOCATS DU MANOIR DE JUAYE\" \/>\n<meta property=\"article:modified_time\" content=\"2019-10-11T15:37:13+00:00\" \/>\n<meta property=\"og:image\" content=\"https:\/\/france-lex.com\/wp-content\/uploads\/equipe.jpg\" \/>\n\t<meta property=\"og:image:width\" content=\"830\" \/>\n\t<meta property=\"og:image:height\" content=\"250\" \/>\n\t<meta property=\"og:image:type\" content=\"image\/jpeg\" \/>\n<meta name=\"twitter:card\" content=\"summary_large_image\" \/>\n<meta name=\"twitter:label1\" content=\"Dur\u00e9e de lecture estim\u00e9e\" \/>\n\t<meta name=\"twitter:data1\" content=\"1 minute\" \/>\n<script type=\"application\/ld+json\" class=\"yoast-schema-graph\">{\"@context\":\"https:\/\/schema.org\",\"@graph\":[{\"@type\":\"WebPage\",\"@id\":\"https:\/\/france-lex.com\/fr\/le-cabinet-du-manoir-de-juaye\/\",\"url\":\"https:\/\/france-lex.com\/fr\/le-cabinet-du-manoir-de-juaye\/\",\"name\":\"Le cabinet du Manoir de Juaye est compos\u00e9e d'une \u00e9quipe d'avocats\",\"isPartOf\":{\"@id\":\"https:\/\/france-lex.com\/fr\/#website\"},\"primaryImageOfPage\":{\"@id\":\"https:\/\/france-lex.com\/fr\/le-cabinet-du-manoir-de-juaye\/#primaryimage\"},\"image\":{\"@id\":\"https:\/\/france-lex.com\/fr\/le-cabinet-du-manoir-de-juaye\/#primaryimage\"},\"thumbnailUrl\":\"https:\/\/france-lex.com\/wp-content\/uploads\/equipe.jpg\",\"datePublished\":\"2016-08-16T09:29:54+00:00\",\"dateModified\":\"2019-10-11T15:37:13+00:00\",\"description\":\"Le cabinet du Manoir de Juaye est compos\u00e9e d'une \u00e9quipe d'avocats sp\u00e9cialis\u00e9s en droit de la s\u00e9curit\u00e9 priv\u00e9e, propri\u00e9t\u00e9 intellectuelle et droit de la donn\u00e9e\",\"breadcrumb\":{\"@id\":\"https:\/\/france-lex.com\/fr\/le-cabinet-du-manoir-de-juaye\/#breadcrumb\"},\"inLanguage\":\"fr-FR\",\"potentialAction\":[{\"@type\":\"ReadAction\",\"target\":[\"https:\/\/france-lex.com\/fr\/le-cabinet-du-manoir-de-juaye\/\"]}]},{\"@type\":\"ImageObject\",\"inLanguage\":\"fr-FR\",\"@id\":\"https:\/\/france-lex.com\/fr\/le-cabinet-du-manoir-de-juaye\/#primaryimage\",\"url\":\"https:\/\/france-lex.com\/wp-content\/uploads\/equipe.jpg\",\"contentUrl\":\"https:\/\/france-lex.com\/wp-content\/uploads\/equipe.jpg\",\"width\":830,\"height\":250},{\"@type\":\"BreadcrumbList\",\"@id\":\"https:\/\/france-lex.com\/fr\/le-cabinet-du-manoir-de-juaye\/#breadcrumb\",\"itemListElement\":[{\"@type\":\"ListItem\",\"position\":1,\"name\":\"Accueil\",\"item\":\"https:\/\/france-lex.com\/fr\/\"},{\"@type\":\"ListItem\",\"position\":2,\"name\":\"L&rsquo;\u00e9quipe\"}]},{\"@type\":\"WebSite\",\"@id\":\"https:\/\/france-lex.com\/fr\/#website\",\"url\":\"https:\/\/france-lex.com\/fr\/\",\"name\":\"SOCI\u00c9T\u00c9 D&#039;AVOCATS DU MANOIR DE JUAYE\",\"description\":\"5\/7 rue Georges Berger 75017 PARIS  T\u00e9l 01 40 06 92 00 Fax 01 40 06 92 01\",\"potentialAction\":[{\"@type\":\"SearchAction\",\"target\":{\"@type\":\"EntryPoint\",\"urlTemplate\":\"https:\/\/france-lex.com\/fr\/?s={search_term_string}\"},\"query-input\":\"required name=search_term_string\"}],\"inLanguage\":\"fr-FR\"}]}<\/script>\n<!-- \/ Yoast SEO plugin. -->","yoast_head_json":{"title":"Le cabinet du Manoir de Juaye est compos\u00e9e d'une \u00e9quipe d'avocats","description":"Le cabinet du Manoir de Juaye est compos\u00e9e d'une \u00e9quipe d'avocats sp\u00e9cialis\u00e9s en droit de la s\u00e9curit\u00e9 priv\u00e9e, propri\u00e9t\u00e9 intellectuelle et droit de la donn\u00e9e","robots":{"index":"index","follow":"follow","max-snippet":"max-snippet:-1","max-image-preview":"max-image-preview:large","max-video-preview":"max-video-preview:-1"},"canonical":"https:\/\/france-lex.com\/fr\/le-cabinet-du-manoir-de-juaye\/","og_locale":"fr_FR","og_type":"article","og_title":"Le cabinet du Manoir de Juaye est compos\u00e9e d'une \u00e9quipe d'avocats","og_description":"Le cabinet du Manoir de Juaye est compos\u00e9e d'une \u00e9quipe d'avocats sp\u00e9cialis\u00e9s en droit de la s\u00e9curit\u00e9 priv\u00e9e, propri\u00e9t\u00e9 intellectuelle et droit de la donn\u00e9e","og_url":"https:\/\/france-lex.com\/fr\/le-cabinet-du-manoir-de-juaye\/","og_site_name":"SOCI\u00c9T\u00c9 D&#039;AVOCATS DU MANOIR DE JUAYE","article_modified_time":"2019-10-11T15:37:13+00:00","og_image":[{"width":830,"height":250,"url":"https:\/\/france-lex.com\/wp-content\/uploads\/equipe.jpg","type":"image\/jpeg"}],"twitter_card":"summary_large_image","twitter_misc":{"Dur\u00e9e de lecture estim\u00e9e":"1 minute"},"schema":{"@context":"https:\/\/schema.org","@graph":[{"@type":"WebPage","@id":"https:\/\/france-lex.com\/fr\/le-cabinet-du-manoir-de-juaye\/","url":"https:\/\/france-lex.com\/fr\/le-cabinet-du-manoir-de-juaye\/","name":"Le cabinet du Manoir de Juaye est compos\u00e9e d'une \u00e9quipe d'avocats","isPartOf":{"@id":"https:\/\/france-lex.com\/fr\/#website"},"primaryImageOfPage":{"@id":"https:\/\/france-lex.com\/fr\/le-cabinet-du-manoir-de-juaye\/#primaryimage"},"image":{"@id":"https:\/\/france-lex.com\/fr\/le-cabinet-du-manoir-de-juaye\/#primaryimage"},"thumbnailUrl":"https:\/\/france-lex.com\/wp-content\/uploads\/equipe.jpg","datePublished":"2016-08-16T09:29:54+00:00","dateModified":"2019-10-11T15:37:13+00:00","description":"Le cabinet du Manoir de Juaye est compos\u00e9e d'une \u00e9quipe d'avocats sp\u00e9cialis\u00e9s en droit de la s\u00e9curit\u00e9 priv\u00e9e, propri\u00e9t\u00e9 intellectuelle et droit de la donn\u00e9e","breadcrumb":{"@id":"https:\/\/france-lex.com\/fr\/le-cabinet-du-manoir-de-juaye\/#breadcrumb"},"inLanguage":"fr-FR","potentialAction":[{"@type":"ReadAction","target":["https:\/\/france-lex.com\/fr\/le-cabinet-du-manoir-de-juaye\/"]}]},{"@type":"ImageObject","inLanguage":"fr-FR","@id":"https:\/\/france-lex.com\/fr\/le-cabinet-du-manoir-de-juaye\/#primaryimage","url":"https:\/\/france-lex.com\/wp-content\/uploads\/equipe.jpg","contentUrl":"https:\/\/france-lex.com\/wp-content\/uploads\/equipe.jpg","width":830,"height":250},{"@type":"BreadcrumbList","@id":"https:\/\/france-lex.com\/fr\/le-cabinet-du-manoir-de-juaye\/#breadcrumb","itemListElement":[{"@type":"ListItem","position":1,"name":"Accueil","item":"https:\/\/france-lex.com\/fr\/"},{"@type":"ListItem","position":2,"name":"L&rsquo;\u00e9quipe"}]},{"@type":"WebSite","@id":"https:\/\/france-lex.com\/fr\/#website","url":"https:\/\/france-lex.com\/fr\/","name":"SOCI\u00c9T\u00c9 D&#039;AVOCATS DU MANOIR DE JUAYE","description":"5\/7 rue Georges Berger 75017 PARIS  T\u00e9l 01 40 06 92 00 Fax 01 40 06 92 01","potentialAction":[{"@type":"SearchAction","target":{"@type":"EntryPoint","urlTemplate":"https:\/\/france-lex.com\/fr\/?s={search_term_string}"},"query-input":"required name=search_term_string"}],"inLanguage":"fr-FR"}]}},"jetpack_sharing_enabled":true,"_links":{"self":[{"href":"https:\/\/france-lex.com\/fr\/wp-json\/wp\/v2\/pages\/19"}],"collection":[{"href":"https:\/\/france-lex.com\/fr\/wp-json\/wp\/v2\/pages"}],"about":[{"href":"https:\/\/france-lex.com\/fr\/wp-json\/wp\/v2\/types\/page"}],"author":[{"embeddable":true,"href":"https:\/\/france-lex.com\/fr\/wp-json\/wp\/v2\/users\/3"}],"replies":[{"embeddable":true,"href":"https:\/\/france-lex.com\/fr\/wp-json\/wp\/v2\/comments?post=19"}],"version-history":[{"count":8,"href":"https:\/\/france-lex.com\/fr\/wp-json\/wp\/v2\/pages\/19\/revisions"}],"predecessor-version":[{"id":729,"href":"https:\/\/france-lex.com\/fr\/wp-json\/wp\/v2\/pages\/19\/revisions\/729"}],"wp:featuredmedia":[{"embeddable":true,"href":"https:\/\/france-lex.com\/fr\/wp-json\/wp\/v2\/media\/577"}],"wp:attachment":[{"href":"https:\/\/france-lex.com\/fr\/wp-json\/wp\/v2\/media?parent=19"}],"curies":[{"name":"wp","href":"https:\/\/api.w.org\/{rel}","templated":true}]}}