{"id":194,"date":"2016-08-18T18:08:26","date_gmt":"2016-08-18T16:08:26","guid":{"rendered":"http:\/\/france-lex.com\/fr\/?page_id=194"},"modified":"2023-06-23T11:39:27","modified_gmt":"2023-06-23T09:39:27","slug":"la-clientele-du-cabinet-davocats-du-manoir-de-juaye","status":"publish","type":"page","link":"https:\/\/france-lex.com\/fr\/la-clientele-du-cabinet-davocats-du-manoir-de-juaye\/","title":{"rendered":"Nos relations clients"},"content":{"rendered":"<p>La client\u00e8le de le cabinet du MANOIR de JUAYE est compos\u00e9e de PME, d&rsquo;ETI et de syndicats ou groupements d&rsquo;entreprises d\u00e9di\u00e9s \u00e0 la d\u00e9fense de leurs int\u00e9r\u00eats.<\/p>\n<p>Le cabinet du MANOIR de JUAYE repr\u00e9sente \u00e9galement les int\u00e9r\u00eats des entit\u00e9s publiques .<\/p>\n<p>Le cabinet du MANOIR de JUAYE d\u00e9fend des particuliers qui peuvent \u00eatre des demandeurs uniques soit faire partir d&rsquo;un collectif regroupant plusieurs dizaines de personnes comme c&rsquo;est la cas dans les dossiers d&rsquo;abus de defiscalisation.<\/p>\n<p>La l\u00e9gislation en vigueur interdit \u00e0 un Avocat de citer le nom de ses clients.<\/p>\n<p>Le cabinet du MANOIR de JUAYE met \u00e0 la disposition de ses clients un espace internet o\u00f9 il peut consulter :<\/p>\n<ul>\n<li>Les dates de proc\u00e9dures<\/li>\n<li>Les pi\u00e8ces et actes de proc\u00e9dure communiqu\u00e9s devant les juridictions<\/li>\n<li>Le temps pass\u00e9<\/li>\n<li>La facturation<\/li>\n<\/ul>\n","protected":false},"excerpt":{"rendered":"<p>La client\u00e8le de le cabinet du MANOIR de JUAYE est compos\u00e9e de PME, d&rsquo;ETI et de syndicats ou groupements d&rsquo;entreprises&#8230;<\/p>\n<p class=\"read-more\"><a class=\"btn btn-default\" href=\"https:\/\/france-lex.com\/fr\/la-clientele-du-cabinet-davocats-du-manoir-de-juaye\/\">Lire la suite<span class=\"screen-reader-text\"> Lire la suite<\/span><\/a><\/p>\n","protected":false},"author":3,"featured_media":445,"parent":0,"menu_order":0,"comment_status":"closed","ping_status":"closed","template":"","meta":{"footnotes":""},"acf":[],"yoast_head":"<!-- This site is optimized with the Yoast SEO plugin v22.2 - https:\/\/yoast.com\/wordpress\/plugins\/seo\/ -->\n<title>La client\u00e8le du cabinet d&#039;avocats du MANOIR de JUAYE<\/title>\n<meta name=\"description\" content=\"La client\u00e8le du cabinet d&#039;avocats du MANOIR de JUAYE est compos\u00e9e de PME, de particuliers, d&#039;\u00e9pargnants et de soci\u00e9t\u00e9s cot\u00e9s.\" \/>\n<meta name=\"robots\" content=\"index, follow, max-snippet:-1, max-image-preview:large, max-video-preview:-1\" \/>\n<link rel=\"canonical\" href=\"https:\/\/france-lex.com\/fr\/la-clientele-du-cabinet-davocats-du-manoir-de-juaye\/\" \/>\n<meta property=\"og:locale\" content=\"fr_FR\" \/>\n<meta property=\"og:type\" content=\"article\" \/>\n<meta property=\"og:title\" content=\"La client\u00e8le du cabinet d&#039;avocats du MANOIR de JUAYE\" \/>\n<meta property=\"og:description\" content=\"La client\u00e8le du cabinet d&#039;avocats du MANOIR de JUAYE est compos\u00e9e de PME, de particuliers, d&#039;\u00e9pargnants et de soci\u00e9t\u00e9s cot\u00e9s.\" \/>\n<meta property=\"og:url\" content=\"https:\/\/france-lex.com\/fr\/la-clientele-du-cabinet-davocats-du-manoir-de-juaye\/\" \/>\n<meta property=\"og:site_name\" content=\"SOCI\u00c9T\u00c9 D&#039;AVOCATS DU MANOIR DE JUAYE\" \/>\n<meta property=\"article:modified_time\" content=\"2023-06-23T09:39:27+00:00\" \/>\n<meta property=\"og:image\" content=\"https:\/\/france-lex.com\/wp-content\/uploads\/Clients.jpg\" \/>\n\t<meta property=\"og:image:width\" content=\"830\" \/>\n\t<meta property=\"og:image:height\" content=\"200\" \/>\n\t<meta property=\"og:image:type\" content=\"image\/jpeg\" \/>\n<meta name=\"twitter:card\" content=\"summary_large_image\" \/>\n<meta name=\"twitter:label1\" content=\"Dur\u00e9e de lecture estim\u00e9e\" \/>\n\t<meta name=\"twitter:data1\" content=\"1 minute\" \/>\n<script type=\"application\/ld+json\" class=\"yoast-schema-graph\">{\"@context\":\"https:\/\/schema.org\",\"@graph\":[{\"@type\":\"WebPage\",\"@id\":\"https:\/\/france-lex.com\/fr\/la-clientele-du-cabinet-davocats-du-manoir-de-juaye\/\",\"url\":\"https:\/\/france-lex.com\/fr\/la-clientele-du-cabinet-davocats-du-manoir-de-juaye\/\",\"name\":\"La client\u00e8le du cabinet d'avocats du MANOIR de JUAYE\",\"isPartOf\":{\"@id\":\"https:\/\/france-lex.com\/fr\/#website\"},\"primaryImageOfPage\":{\"@id\":\"https:\/\/france-lex.com\/fr\/la-clientele-du-cabinet-davocats-du-manoir-de-juaye\/#primaryimage\"},\"image\":{\"@id\":\"https:\/\/france-lex.com\/fr\/la-clientele-du-cabinet-davocats-du-manoir-de-juaye\/#primaryimage\"},\"thumbnailUrl\":\"https:\/\/france-lex.com\/wp-content\/uploads\/Clients.jpg\",\"datePublished\":\"2016-08-18T16:08:26+00:00\",\"dateModified\":\"2023-06-23T09:39:27+00:00\",\"description\":\"La client\u00e8le du cabinet d'avocats du MANOIR de JUAYE est compos\u00e9e de PME, de particuliers, d'\u00e9pargnants et de soci\u00e9t\u00e9s cot\u00e9s.\",\"breadcrumb\":{\"@id\":\"https:\/\/france-lex.com\/fr\/la-clientele-du-cabinet-davocats-du-manoir-de-juaye\/#breadcrumb\"},\"inLanguage\":\"fr-FR\",\"potentialAction\":[{\"@type\":\"ReadAction\",\"target\":[\"https:\/\/france-lex.com\/fr\/la-clientele-du-cabinet-davocats-du-manoir-de-juaye\/\"]}]},{\"@type\":\"ImageObject\",\"inLanguage\":\"fr-FR\",\"@id\":\"https:\/\/france-lex.com\/fr\/la-clientele-du-cabinet-davocats-du-manoir-de-juaye\/#primaryimage\",\"url\":\"https:\/\/france-lex.com\/wp-content\/uploads\/Clients.jpg\",\"contentUrl\":\"https:\/\/france-lex.com\/wp-content\/uploads\/Clients.jpg\",\"width\":830,\"height\":200},{\"@type\":\"BreadcrumbList\",\"@id\":\"https:\/\/france-lex.com\/fr\/la-clientele-du-cabinet-davocats-du-manoir-de-juaye\/#breadcrumb\",\"itemListElement\":[{\"@type\":\"ListItem\",\"position\":1,\"name\":\"Accueil\",\"item\":\"https:\/\/france-lex.com\/fr\/\"},{\"@type\":\"ListItem\",\"position\":2,\"name\":\"Nos relations clients\"}]},{\"@type\":\"WebSite\",\"@id\":\"https:\/\/france-lex.com\/fr\/#website\",\"url\":\"https:\/\/france-lex.com\/fr\/\",\"name\":\"SOCI\u00c9T\u00c9 D&#039;AVOCATS DU MANOIR DE JUAYE\",\"description\":\"5\/7 rue Georges Berger 75017 PARIS  T\u00e9l 01 40 06 92 00 Fax 01 40 06 92 01\",\"potentialAction\":[{\"@type\":\"SearchAction\",\"target\":{\"@type\":\"EntryPoint\",\"urlTemplate\":\"https:\/\/france-lex.com\/fr\/?s={search_term_string}\"},\"query-input\":\"required name=search_term_string\"}],\"inLanguage\":\"fr-FR\"}]}<\/script>\n<!-- \/ Yoast SEO plugin. -->","yoast_head_json":{"title":"La client\u00e8le du cabinet d'avocats du MANOIR de JUAYE","description":"La client\u00e8le du cabinet d'avocats du MANOIR de JUAYE est compos\u00e9e de PME, de particuliers, d'\u00e9pargnants et de soci\u00e9t\u00e9s cot\u00e9s.","robots":{"index":"index","follow":"follow","max-snippet":"max-snippet:-1","max-image-preview":"max-image-preview:large","max-video-preview":"max-video-preview:-1"},"canonical":"https:\/\/france-lex.com\/fr\/la-clientele-du-cabinet-davocats-du-manoir-de-juaye\/","og_locale":"fr_FR","og_type":"article","og_title":"La client\u00e8le du cabinet d'avocats du MANOIR de JUAYE","og_description":"La client\u00e8le du cabinet d'avocats du MANOIR de JUAYE est compos\u00e9e de PME, de particuliers, d'\u00e9pargnants et de soci\u00e9t\u00e9s cot\u00e9s.","og_url":"https:\/\/france-lex.com\/fr\/la-clientele-du-cabinet-davocats-du-manoir-de-juaye\/","og_site_name":"SOCI\u00c9T\u00c9 D&#039;AVOCATS DU MANOIR DE JUAYE","article_modified_time":"2023-06-23T09:39:27+00:00","og_image":[{"width":830,"height":200,"url":"https:\/\/france-lex.com\/wp-content\/uploads\/Clients.jpg","type":"image\/jpeg"}],"twitter_card":"summary_large_image","twitter_misc":{"Dur\u00e9e de lecture estim\u00e9e":"1 minute"},"schema":{"@context":"https:\/\/schema.org","@graph":[{"@type":"WebPage","@id":"https:\/\/france-lex.com\/fr\/la-clientele-du-cabinet-davocats-du-manoir-de-juaye\/","url":"https:\/\/france-lex.com\/fr\/la-clientele-du-cabinet-davocats-du-manoir-de-juaye\/","name":"La client\u00e8le du cabinet d'avocats du MANOIR de JUAYE","isPartOf":{"@id":"https:\/\/france-lex.com\/fr\/#website"},"primaryImageOfPage":{"@id":"https:\/\/france-lex.com\/fr\/la-clientele-du-cabinet-davocats-du-manoir-de-juaye\/#primaryimage"},"image":{"@id":"https:\/\/france-lex.com\/fr\/la-clientele-du-cabinet-davocats-du-manoir-de-juaye\/#primaryimage"},"thumbnailUrl":"https:\/\/france-lex.com\/wp-content\/uploads\/Clients.jpg","datePublished":"2016-08-18T16:08:26+00:00","dateModified":"2023-06-23T09:39:27+00:00","description":"La client\u00e8le du cabinet d'avocats du MANOIR de JUAYE est compos\u00e9e de PME, de particuliers, d'\u00e9pargnants et de soci\u00e9t\u00e9s cot\u00e9s.","breadcrumb":{"@id":"https:\/\/france-lex.com\/fr\/la-clientele-du-cabinet-davocats-du-manoir-de-juaye\/#breadcrumb"},"inLanguage":"fr-FR","potentialAction":[{"@type":"ReadAction","target":["https:\/\/france-lex.com\/fr\/la-clientele-du-cabinet-davocats-du-manoir-de-juaye\/"]}]},{"@type":"ImageObject","inLanguage":"fr-FR","@id":"https:\/\/france-lex.com\/fr\/la-clientele-du-cabinet-davocats-du-manoir-de-juaye\/#primaryimage","url":"https:\/\/france-lex.com\/wp-content\/uploads\/Clients.jpg","contentUrl":"https:\/\/france-lex.com\/wp-content\/uploads\/Clients.jpg","width":830,"height":200},{"@type":"BreadcrumbList","@id":"https:\/\/france-lex.com\/fr\/la-clientele-du-cabinet-davocats-du-manoir-de-juaye\/#breadcrumb","itemListElement":[{"@type":"ListItem","position":1,"name":"Accueil","item":"https:\/\/france-lex.com\/fr\/"},{"@type":"ListItem","position":2,"name":"Nos relations clients"}]},{"@type":"WebSite","@id":"https:\/\/france-lex.com\/fr\/#website","url":"https:\/\/france-lex.com\/fr\/","name":"SOCI\u00c9T\u00c9 D&#039;AVOCATS DU MANOIR DE JUAYE","description":"5\/7 rue Georges Berger 75017 PARIS  T\u00e9l 01 40 06 92 00 Fax 01 40 06 92 01","potentialAction":[{"@type":"SearchAction","target":{"@type":"EntryPoint","urlTemplate":"https:\/\/france-lex.com\/fr\/?s={search_term_string}"},"query-input":"required name=search_term_string"}],"inLanguage":"fr-FR"}]}},"jetpack_sharing_enabled":true,"_links":{"self":[{"href":"https:\/\/france-lex.com\/fr\/wp-json\/wp\/v2\/pages\/194"}],"collection":[{"href":"https:\/\/france-lex.com\/fr\/wp-json\/wp\/v2\/pages"}],"about":[{"href":"https:\/\/france-lex.com\/fr\/wp-json\/wp\/v2\/types\/page"}],"author":[{"embeddable":true,"href":"https:\/\/france-lex.com\/fr\/wp-json\/wp\/v2\/users\/3"}],"replies":[{"embeddable":true,"href":"https:\/\/france-lex.com\/fr\/wp-json\/wp\/v2\/comments?post=194"}],"version-history":[{"count":6,"href":"https:\/\/france-lex.com\/fr\/wp-json\/wp\/v2\/pages\/194\/revisions"}],"predecessor-version":[{"id":1121,"href":"https:\/\/france-lex.com\/fr\/wp-json\/wp\/v2\/pages\/194\/revisions\/1121"}],"wp:featuredmedia":[{"embeddable":true,"href":"https:\/\/france-lex.com\/fr\/wp-json\/wp\/v2\/media\/445"}],"wp:attachment":[{"href":"https:\/\/france-lex.com\/fr\/wp-json\/wp\/v2\/media?parent=194"}],"curies":[{"name":"wp","href":"https:\/\/api.w.org\/{rel}","templated":true}]}}