{"id":30,"date":"2016-08-16T15:28:41","date_gmt":"2016-08-16T13:28:41","guid":{"rendered":"http:\/\/france-lex.com\/?page_id=30"},"modified":"2024-09-19T10:00:17","modified_gmt":"2024-09-19T08:00:17","slug":"avocat-securite-privee","status":"publish","type":"page","link":"https:\/\/france-lex.com\/fr\/","title":{"rendered":"Activit\u00e9s du cabinet"},"content":{"rendered":"<div id=\"containerResume\">\n<div id=\"resume1\">\n<div class=\"titreResume1\">Le cabinet en bref :<\/div>\n<p><!--titreResume1--><\/p>\n<div class=\"contenuResume1\">\n<ul>\n<li>Droit de la S\u00e9curit\u00e9 priv\u00e9e et intelligence \u00e9conomique, Droit de l&rsquo;intelligence artificielle, Droit social, abus de d\u00e9fiscalisation.<\/li>\n<li>De tr\u00e8s nombreuses publications et conf\u00e9rences en France comme \u00e0 l&rsquo;\u00e9tranger t\u00e9moignent de notre approche et de notre qualit\u00e9.<\/li>\n<li>Deux blogs : <a href=\"https:\/\/ie-se.fr\/\" target=\"_blank\" rel=\"noopener\">IE-SE<\/a> sur l&rsquo;intelligence \u00e9conomique et la s\u00e9curit\u00e9 et <a href=\"https:\/\/pangelex.com\/\" target=\"_blank\" rel=\"noopener\">Pangelex<\/a> sur les abus de d\u00e9fiscalisation.<\/li>\n<li>Chroniqueur sur les aspects juridiques de la s\u00e9curit\u00e9 notamment priv\u00e9e dans l&rsquo;\u00e9mission au nom de la loi d&rsquo;<a href=\"https:\/\/www.anews-securite.fr\/\" target=\"_blank\" rel=\"noopener\">a-news s\u00e9curit\u00e9<\/a>.<\/li>\n<\/ul>\n<\/div>\n<p><!--contenuResume1--><\/p>\n<\/div>\n<p><!--resume1--><\/p>\n<\/div>\n<div class=\"uneActivite p49 activite_left\"><h2><a href=\"https:\/\/france-lex.com\/fr\/activites\/droit-de-lintelligence-artificielle\/\">Droit de l&rsquo;intelligence artificielle<\/a><\/h2><br><p>Descriptif \u00e0 venir<\/p>\n<\/div><div class=\"uneActivite p49 activite_right\"><h2><a href=\"https:\/\/france-lex.com\/fr\/activites\/droit-de-securite-privee\/\">Droit de la s\u00e9curit\u00e9 priv\u00e9e<\/a><\/h2><br><p>Le Cabinet du MANOIR de JUAYE est sp\u00e9cialis\u00e9 dans le droit de la s\u00e9curit\u00e9 priv\u00e9e tant tant ses aspects humains&#8230;<\/p>\n<p class=\"read-more\"><a class=\"btn btn-default\" href=\"https:\/\/france-lex.com\/fr\/activites\/droit-de-securite-privee\/\">Lire la suite<span class=\"screen-reader-text\"> Lire la suite<\/span><\/a><\/p>\n<\/div><div class=\"clearboth\">&nbsp;<\/div><div class=\"uneActivite p49 activite_left\"><h2><a href=\"https:\/\/france-lex.com\/fr\/activites\/abus-de-defiscalisation-responsabilite-bancaire-et-notariale\/\">Abus de d\u00e9fiscalisation, responsabilit\u00e9 bancaire et notariale<\/a><\/h2><br><p>Malraux, Borloo, Robien, Demessine, Duflot etc. La liste est longue des lois incitant \u00e0 investir dans l\u2019immobilier. Mais souvent h\u00e9las&#8230;<\/p>\n<p class=\"read-more\"><a class=\"btn btn-default\" href=\"https:\/\/france-lex.com\/fr\/activites\/abus-de-defiscalisation-responsabilite-bancaire-et-notariale\/\">Lire la suite<span class=\"screen-reader-text\"> Lire la suite<\/span><\/a><\/p>\n<\/div><div class=\"uneActivite p49 activite_right\"><h2><a href=\"https:\/\/france-lex.com\/fr\/activites\/contentieux-prudhommal\/\">Contentieux prud&rsquo;hommal<\/a><\/h2><br><p>Le droit social ne peut s&rsquo;exercer sans convictions fortes : L&rsquo;homme pour une entreprise est sa principale force, mais \u00e9galement&#8230;<\/p>\n<p class=\"read-more\"><a class=\"btn btn-default\" href=\"https:\/\/france-lex.com\/fr\/activites\/contentieux-prudhommal\/\">Lire la suite<span class=\"screen-reader-text\"> Lire la suite<\/span><\/a><\/p>\n<\/div><div class=\"clearboth\">&nbsp;<\/div><div class=\"uneActivite p49 activite_left\"><h2><a href=\"https:\/\/france-lex.com\/fr\/activites\/droit-des-affaires-notamment-agents-commerciaux\/\">Droit des affaires notamment agents commerciaux<\/a><\/h2><br><p>La soci\u00e9t\u00e9 se judiciarise de plus en plus. Les entreprises utilisent donc alors le droit comme un outil concurrentiel. Il&#8230;<\/p>\n<p class=\"read-more\"><a class=\"btn btn-default\" href=\"https:\/\/france-lex.com\/fr\/activites\/droit-des-affaires-notamment-agents-commerciaux\/\">Lire la suite<span class=\"screen-reader-text\"> Lire la suite<\/span><\/a><\/p>\n<\/div><div class=\"uneActivite p49 activite_right\"><h2><a href=\"https:\/\/france-lex.com\/fr\/activites\/droit-de-l-intelligence-economique\/\">Droit de l&rsquo;intelligence \u00e9conomique<\/a><\/h2><br><p>Le droit de l\u2019IE est un droit tr\u00e8s transversal qui regroupe trois th\u00e8mes : La protection de l\u2019entreprise : propri\u00e9t\u00e9&#8230;<\/p>\n<p class=\"read-more\"><a class=\"btn btn-default\" href=\"https:\/\/france-lex.com\/fr\/activites\/droit-de-l-intelligence-economique\/\">Lire la suite<span class=\"screen-reader-text\"> Lire la suite<\/span><\/a><\/p>\n<\/div><div class=\"clearboth\">&nbsp;<\/div>\n<br><br><hr><h2>Actualit\u00e9s<\/h2><br><h3><a href=\"https:\/\/france-lex.com\/fr\/la-manipulation-sur-les-reseaux-sociaux-la-reponse-du-droit\/\">La manipulation sur les r\u00e9seaux sociaux, la r\u00e9ponse du droit<\/a><\/h3><br><p>Une exp\u00e9rience de longue date dans la protection du secret des affaires, le droit de l&rsquo;intelligence \u00e9conomique et la s\u00e9curit\u00e9&#8230;<\/p>\n<p class=\"read-more\"><a class=\"btn btn-default\" href=\"https:\/\/france-lex.com\/fr\/la-manipulation-sur-les-reseaux-sociaux-la-reponse-du-droit\/\">Lire la suite<span class=\"screen-reader-text\"> Lire la suite<\/span><\/a><\/p>\n<h3><a href=\"https:\/\/france-lex.com\/fr\/table-ronde-intelligence-artificielle-surete-securite-et-cybersecurite\/\">Table ronde : Intelligence artificielle, s\u00fbret\u00e9, s\u00e9curit\u00e9 et cybers\u00e9curit\u00e9<\/a><\/h3><br><p>Nouvelle soir\u00e9e exceptionnelle organis\u00e9e par l&rsquo;IEESSE\u00a0(Institut Europ\u00e9en d&rsquo;\u00c9tudes pour la S\u00fbret\u00e9-S\u00e9curit\u00e9 pour les Entreprises) le 7 juin 2023 et une&#8230;<\/p>\n<p class=\"read-more\"><a class=\"btn btn-default\" href=\"https:\/\/france-lex.com\/fr\/table-ronde-intelligence-artificielle-surete-securite-et-cybersecurite\/\">Lire la suite<span class=\"screen-reader-text\"> Lire la suite<\/span><\/a><\/p>\n<h3><a href=\"https:\/\/france-lex.com\/fr\/surveillance-par-des-systemes-electroniques\/\">Surveillance par des syst\u00e8mes \u00e9lectroniques<\/a><\/h3><br><p>J&rsquo;ai \u00e9t\u00e9 ravi d&rsquo;intervenir \u00e0 l&rsquo;occasion de la derni\u00e8re table ronde th\u00e9matique de l&rsquo;AN2V (Association Nationale de la Vid\u00e9o-protection)\u00a0consacr\u00e9e aux&#8230;<\/p>\n<p class=\"read-more\"><a class=\"btn btn-default\" href=\"https:\/\/france-lex.com\/fr\/surveillance-par-des-systemes-electroniques\/\">Lire la suite<span class=\"screen-reader-text\"> Lire la suite<\/span><\/a><\/p>\n\n","protected":false},"excerpt":{"rendered":"<p>Le cabinet en bref : Droit de la S\u00e9curit\u00e9 priv\u00e9e et intelligence \u00e9conomique, Droit de l&rsquo;intelligence artificielle, Droit social, abus&#8230;<\/p>\n<p class=\"read-more\"><a class=\"btn btn-default\" href=\"https:\/\/france-lex.com\/fr\/surveillance-par-des-systemes-electroniques\/\">Lire la suite<span class=\"screen-reader-text\"> Lire la suite<\/span><\/a><\/p>\n","protected":false},"author":3,"featured_media":622,"parent":0,"menu_order":0,"comment_status":"closed","ping_status":"closed","template":"","meta":{"footnotes":""},"acf":[],"yoast_head":"<!-- This site is optimized with the Yoast SEO plugin v22.2 - https:\/\/yoast.com\/wordpress\/plugins\/seo\/ -->\n<title>Avocats sp\u00e9cialis\u00e9s en S\u00e9curit\u00e9 priv\u00e9e et intelligence \u00e9conomique<\/title>\n<meta name=\"description\" content=\"Avocats sp\u00e9cialis\u00e9s en S\u00e9curit\u00e9 priv\u00e9e et intelligence \u00e9conomique, Arnaques \u00e0 la d\u00e9fiscalisation immobili\u00e8re et Droit social\" \/>\n<meta name=\"robots\" content=\"index, follow, max-snippet:-1, max-image-preview:large, max-video-preview:-1\" \/>\n<link rel=\"canonical\" href=\"https:\/\/france-lex.com\/fr\/\" \/>\n<meta property=\"og:locale\" content=\"fr_FR\" \/>\n<meta property=\"og:type\" content=\"article\" \/>\n<meta property=\"og:title\" content=\"Avocats sp\u00e9cialis\u00e9s en S\u00e9curit\u00e9 priv\u00e9e et intelligence \u00e9conomique\" \/>\n<meta property=\"og:description\" content=\"Avocats sp\u00e9cialis\u00e9s en S\u00e9curit\u00e9 priv\u00e9e et intelligence \u00e9conomique, Arnaques \u00e0 la d\u00e9fiscalisation immobili\u00e8re et Droit social\" \/>\n<meta property=\"og:url\" content=\"https:\/\/france-lex.com\/fr\/\" \/>\n<meta property=\"og:site_name\" content=\"SOCI\u00c9T\u00c9 D&#039;AVOCATS DU MANOIR DE JUAYE\" \/>\n<meta property=\"article:modified_time\" content=\"2024-09-19T08:00:17+00:00\" \/>\n<meta property=\"og:image\" content=\"https:\/\/france-lex.com\/wp-content\/uploads\/Activites-1.jpg\" \/>\n\t<meta property=\"og:image:width\" content=\"830\" \/>\n\t<meta property=\"og:image:height\" content=\"200\" \/>\n\t<meta property=\"og:image:type\" content=\"image\/jpeg\" \/>\n<meta name=\"twitter:card\" content=\"summary_large_image\" \/>\n<meta name=\"twitter:label1\" content=\"Dur\u00e9e de lecture estim\u00e9e\" \/>\n\t<meta name=\"twitter:data1\" content=\"1 minute\" \/>\n<script type=\"application\/ld+json\" class=\"yoast-schema-graph\">{\"@context\":\"https:\/\/schema.org\",\"@graph\":[{\"@type\":\"WebPage\",\"@id\":\"https:\/\/france-lex.com\/fr\/\",\"url\":\"https:\/\/france-lex.com\/fr\/\",\"name\":\"Avocats sp\u00e9cialis\u00e9s en S\u00e9curit\u00e9 priv\u00e9e et intelligence \u00e9conomique\",\"isPartOf\":{\"@id\":\"https:\/\/france-lex.com\/fr\/#website\"},\"primaryImageOfPage\":{\"@id\":\"https:\/\/france-lex.com\/fr\/#primaryimage\"},\"image\":{\"@id\":\"https:\/\/france-lex.com\/fr\/#primaryimage\"},\"thumbnailUrl\":\"https:\/\/france-lex.com\/wp-content\/uploads\/Activites-1.jpg\",\"datePublished\":\"2016-08-16T13:28:41+00:00\",\"dateModified\":\"2024-09-19T08:00:17+00:00\",\"description\":\"Avocats sp\u00e9cialis\u00e9s en S\u00e9curit\u00e9 priv\u00e9e et intelligence \u00e9conomique, Arnaques \u00e0 la d\u00e9fiscalisation immobili\u00e8re et Droit social\",\"breadcrumb\":{\"@id\":\"https:\/\/france-lex.com\/fr\/#breadcrumb\"},\"inLanguage\":\"fr-FR\",\"potentialAction\":[{\"@type\":\"ReadAction\",\"target\":[\"https:\/\/france-lex.com\/fr\/\"]}]},{\"@type\":\"ImageObject\",\"inLanguage\":\"fr-FR\",\"@id\":\"https:\/\/france-lex.com\/fr\/#primaryimage\",\"url\":\"https:\/\/france-lex.com\/wp-content\/uploads\/Activites-1.jpg\",\"contentUrl\":\"https:\/\/france-lex.com\/wp-content\/uploads\/Activites-1.jpg\",\"width\":830,\"height\":200},{\"@type\":\"BreadcrumbList\",\"@id\":\"https:\/\/france-lex.com\/fr\/#breadcrumb\",\"itemListElement\":[{\"@type\":\"ListItem\",\"position\":1,\"name\":\"Accueil\",\"item\":\"https:\/\/france-lex.com\/fr\/\"},{\"@type\":\"ListItem\",\"position\":2,\"name\":\"Activit\u00e9s du cabinet\"}]},{\"@type\":\"WebSite\",\"@id\":\"https:\/\/france-lex.com\/fr\/#website\",\"url\":\"https:\/\/france-lex.com\/fr\/\",\"name\":\"SOCI\u00c9T\u00c9 D&#039;AVOCATS DU MANOIR DE JUAYE\",\"description\":\"5\/7 rue Georges Berger 75017 PARIS  T\u00e9l 01 40 06 92 00 Fax 01 40 06 92 01\",\"potentialAction\":[{\"@type\":\"SearchAction\",\"target\":{\"@type\":\"EntryPoint\",\"urlTemplate\":\"https:\/\/france-lex.com\/fr\/?s={search_term_string}\"},\"query-input\":\"required name=search_term_string\"}],\"inLanguage\":\"fr-FR\"}]}<\/script>\n<!-- \/ Yoast SEO plugin. -->","yoast_head_json":{"title":"Avocats sp\u00e9cialis\u00e9s en S\u00e9curit\u00e9 priv\u00e9e et intelligence \u00e9conomique","description":"Avocats sp\u00e9cialis\u00e9s en S\u00e9curit\u00e9 priv\u00e9e et intelligence \u00e9conomique, Arnaques \u00e0 la d\u00e9fiscalisation immobili\u00e8re et Droit social","robots":{"index":"index","follow":"follow","max-snippet":"max-snippet:-1","max-image-preview":"max-image-preview:large","max-video-preview":"max-video-preview:-1"},"canonical":"https:\/\/france-lex.com\/fr\/","og_locale":"fr_FR","og_type":"article","og_title":"Avocats sp\u00e9cialis\u00e9s en S\u00e9curit\u00e9 priv\u00e9e et intelligence \u00e9conomique","og_description":"Avocats sp\u00e9cialis\u00e9s en S\u00e9curit\u00e9 priv\u00e9e et intelligence \u00e9conomique, Arnaques \u00e0 la d\u00e9fiscalisation immobili\u00e8re et Droit social","og_url":"https:\/\/france-lex.com\/fr\/","og_site_name":"SOCI\u00c9T\u00c9 D&#039;AVOCATS DU MANOIR DE JUAYE","article_modified_time":"2024-09-19T08:00:17+00:00","og_image":[{"width":830,"height":200,"url":"https:\/\/france-lex.com\/wp-content\/uploads\/Activites-1.jpg","type":"image\/jpeg"}],"twitter_card":"summary_large_image","twitter_misc":{"Dur\u00e9e de lecture estim\u00e9e":"1 minute"},"schema":{"@context":"https:\/\/schema.org","@graph":[{"@type":"WebPage","@id":"https:\/\/france-lex.com\/fr\/","url":"https:\/\/france-lex.com\/fr\/","name":"Avocats sp\u00e9cialis\u00e9s en S\u00e9curit\u00e9 priv\u00e9e et intelligence \u00e9conomique","isPartOf":{"@id":"https:\/\/france-lex.com\/fr\/#website"},"primaryImageOfPage":{"@id":"https:\/\/france-lex.com\/fr\/#primaryimage"},"image":{"@id":"https:\/\/france-lex.com\/fr\/#primaryimage"},"thumbnailUrl":"https:\/\/france-lex.com\/wp-content\/uploads\/Activites-1.jpg","datePublished":"2016-08-16T13:28:41+00:00","dateModified":"2024-09-19T08:00:17+00:00","description":"Avocats sp\u00e9cialis\u00e9s en S\u00e9curit\u00e9 priv\u00e9e et intelligence \u00e9conomique, Arnaques \u00e0 la d\u00e9fiscalisation immobili\u00e8re et Droit social","breadcrumb":{"@id":"https:\/\/france-lex.com\/fr\/#breadcrumb"},"inLanguage":"fr-FR","potentialAction":[{"@type":"ReadAction","target":["https:\/\/france-lex.com\/fr\/"]}]},{"@type":"ImageObject","inLanguage":"fr-FR","@id":"https:\/\/france-lex.com\/fr\/#primaryimage","url":"https:\/\/france-lex.com\/wp-content\/uploads\/Activites-1.jpg","contentUrl":"https:\/\/france-lex.com\/wp-content\/uploads\/Activites-1.jpg","width":830,"height":200},{"@type":"BreadcrumbList","@id":"https:\/\/france-lex.com\/fr\/#breadcrumb","itemListElement":[{"@type":"ListItem","position":1,"name":"Accueil","item":"https:\/\/france-lex.com\/fr\/"},{"@type":"ListItem","position":2,"name":"Activit\u00e9s du cabinet"}]},{"@type":"WebSite","@id":"https:\/\/france-lex.com\/fr\/#website","url":"https:\/\/france-lex.com\/fr\/","name":"SOCI\u00c9T\u00c9 D&#039;AVOCATS DU MANOIR DE JUAYE","description":"5\/7 rue Georges Berger 75017 PARIS  T\u00e9l 01 40 06 92 00 Fax 01 40 06 92 01","potentialAction":[{"@type":"SearchAction","target":{"@type":"EntryPoint","urlTemplate":"https:\/\/france-lex.com\/fr\/?s={search_term_string}"},"query-input":"required name=search_term_string"}],"inLanguage":"fr-FR"}]}},"jetpack_sharing_enabled":true,"_links":{"self":[{"href":"https:\/\/france-lex.com\/fr\/wp-json\/wp\/v2\/pages\/30"}],"collection":[{"href":"https:\/\/france-lex.com\/fr\/wp-json\/wp\/v2\/pages"}],"about":[{"href":"https:\/\/france-lex.com\/fr\/wp-json\/wp\/v2\/types\/page"}],"author":[{"embeddable":true,"href":"https:\/\/france-lex.com\/fr\/wp-json\/wp\/v2\/users\/3"}],"replies":[{"embeddable":true,"href":"https:\/\/france-lex.com\/fr\/wp-json\/wp\/v2\/comments?post=30"}],"version-history":[{"count":14,"href":"https:\/\/france-lex.com\/fr\/wp-json\/wp\/v2\/pages\/30\/revisions"}],"predecessor-version":[{"id":1186,"href":"https:\/\/france-lex.com\/fr\/wp-json\/wp\/v2\/pages\/30\/revisions\/1186"}],"wp:featuredmedia":[{"embeddable":true,"href":"https:\/\/france-lex.com\/fr\/wp-json\/wp\/v2\/media\/622"}],"wp:attachment":[{"href":"https:\/\/france-lex.com\/fr\/wp-json\/wp\/v2\/media?parent=30"}],"curies":[{"name":"wp","href":"https:\/\/api.w.org\/{rel}","templated":true}]}}