{"id":397,"date":"2016-08-22T09:37:57","date_gmt":"2016-08-22T07:37:57","guid":{"rendered":"http:\/\/france-lex.com\/fr\/?page_id=397"},"modified":"2019-10-11T17:07:20","modified_gmt":"2019-10-11T15:07:20","slug":"contacter-la-societe-davocats-du-manoir-de-juaye","status":"publish","type":"page","link":"https:\/\/france-lex.com\/fr\/contacter-la-societe-davocats-du-manoir-de-juaye\/","title":{"rendered":"Contact"},"content":{"rendered":"<div class=\"p49 activite_left\">5\/7 rue Georges Berger &#8211; 75017 PARIS<br \/>\nT\u00e9l : 01 40 06 92 00<br \/>\nFax : 01 40 06 92 01<br \/>\nEmail : juaye[at]france-lex.com<\/div>\n<div class=\"p49 activite_right\">Horaires de disponibilit\u00e9 du standard :<br \/>\nde 8 \u00e0 20 heures et samedi de 8 heures \u00e0 13 heures.Parking : Au d\u00e9but de l&rsquo;avenue de Villiers.<\/div>\n<p><iframe loading=\"lazy\" class=\"mapContact\" src=\"https:\/\/maps.google.fr\/maps\/ms?hl=fr&amp;ie=UTF8&amp;msa=0&amp;msid=108439451495886158000.000461b2e69d987d9012c&amp;ll=48.878546,2.301679&amp;spn=0.009581,0.027723&amp;t=h&amp;output=embed&amp;s=AARTsJoQ0d3r_pR6dfVz111F7HNRziSiXQ\" width=\"800\" height=\"400\" frameborder=\"0\" marginwidth=\"0\" marginheight=\"0\" scrolling=\"no\"><\/iframe><\/p>\n\n<div class=\"wpcf7 no-js\" id=\"wpcf7-f373-o1\" lang=\"fr-FR\" dir=\"ltr\">\n<div class=\"screen-reader-response\"><p role=\"status\" aria-live=\"polite\" aria-atomic=\"true\"><\/p> <ul><\/ul><\/div>\n<form action=\"\/fr\/wp-json\/wp\/v2\/pages\/397#wpcf7-f373-o1\" method=\"post\" class=\"wpcf7-form init\" aria-label=\"Contact form\" novalidate=\"novalidate\" data-status=\"init\">\n<div style=\"display: none;\">\n<input type=\"hidden\" name=\"_wpcf7\" value=\"373\" \/>\n<input type=\"hidden\" name=\"_wpcf7_version\" value=\"5.9\" \/>\n<input type=\"hidden\" name=\"_wpcf7_locale\" value=\"fr_FR\" \/>\n<input type=\"hidden\" name=\"_wpcf7_unit_tag\" value=\"wpcf7-f373-o1\" \/>\n<input type=\"hidden\" name=\"_wpcf7_container_post\" value=\"0\" \/>\n<input type=\"hidden\" name=\"_wpcf7_posted_data_hash\" value=\"\" \/>\n<\/div>\n<p>Les informations recueillies sur ce formulaire sont trait\u00e9es par la SELARL DU MANOIR DE JUAYE pour r\u00e9pondre \u00e0 vos demandes (demande d\u2019informations\/de devis\/de prise de rendez-vous]. La base l\u00e9gale du traitement est l\u2019int\u00e9r\u00eat l\u00e9gitime, l\u2019objectif poursuivi \u00e9tant de r\u00e9pondre \u00e0 vos demandes et d\u00e9velopper notre activit\u00e9.<br \/>\nLes donn\u00e9es collect\u00e9es seront communiqu\u00e9es aux seuls destinataires suivants : membre du cabinet (avocat, personnel\u2026).<br \/>\nLes donn\u00e9es collect\u00e9es sont conserv\u00e9es pendant une dur\u00e9e de 15 jours maximum si aucune suite n\u2019est donn\u00e9e et\/ou que le dossier n\u2019est pas confi\u00e9 au cabinet.<br \/>\nDans le cas contraire, les donn\u00e9es collect\u00e9es sont conserv\u00e9es pendant la dur\u00e9e des relations contractuelles augment\u00e9e de 3 ans \u00e0 des fins d'animation et prospection, sans pr\u00e9judice des obligations de conservation ou des d\u00e9lais de prescription.<br \/>\nVous pouvez acc\u00e9der aux donn\u00e9es vous concernant, les rectifier, demander leur effacement ou exercer votre droit \u00e0 la limitation du traitement de vos donn\u00e9es.<br \/>\nPour exercer ces droits ou pour toute question sur le traitement de vos donn\u00e9es dans ce dispositif, vous pouvez contacter Thibault du Manoir de Juaye: juaye@france-lex.com.\n<\/p>\n<p>Si vous estimez, apr\u00e8s nous avoir contact\u00e9s, que vos droits \u00ab Informatique et Libert\u00e9s \u00bb ne sont pas respect\u00e9s, vous pouvez adresser une r\u00e9clamation \u00e0 la CNIL (<a href=\"https:\/\/www.cnil.fr\/\">www.cnil.fr<\/a>).\n<\/p>\n<div class=\"p49 activite_left\">\n\t<p><label> Votre nom (obligatoire)<br \/>\n<span class=\"wpcf7-form-control-wrap\" data-name=\"your-name\"><input size=\"40\" class=\"wpcf7-form-control wpcf7-text wpcf7-validates-as-required\" aria-required=\"true\" aria-invalid=\"false\" value=\"\" type=\"text\" name=\"your-name\" \/><\/span> <\/label>\n\t<\/p>\n\t<p><label> Votre e-mail (obligatoire)<br \/>\n<span class=\"wpcf7-form-control-wrap\" data-name=\"your-email\"><input size=\"40\" class=\"wpcf7-form-control wpcf7-email wpcf7-validates-as-required wpcf7-text wpcf7-validates-as-email\" aria-required=\"true\" aria-invalid=\"false\" value=\"\" type=\"email\" name=\"your-email\" \/><\/span> <\/label>\n\t<\/p>\n\t<p><input type=\"hidden\" name=\"_wpcf7_captcha_challenge_captcha-489\" value=\"3033192023\" \/><img class=\"wpcf7-form-control wpcf7-captchac wpcf7-captcha-captcha-489\" width=\"72\" height=\"24\" alt=\"captcha\" src=\"https:\/\/france-lex.com\/wp-content\/uploads\/wpcf7_captcha\/3033192023.png\" \/><br \/>\n<span class=\"wpcf7-form-control-wrap\" data-name=\"captcha-489\"><input size=\"40\" class=\"wpcf7-form-control wpcf7-captchar\" autocomplete=\"off\" aria-invalid=\"false\" placeholder=\"Copiez ces caract\u00e8res\" value=\"\" type=\"text\" name=\"captcha-489\" \/><\/span>\n\t<\/p>\n<\/div>\n<div class=\"p49 activite_right\">\n\t<p><label> Votre message (obligatoire)<br \/>\n<span class=\"wpcf7-form-control-wrap\" data-name=\"your-message\"><textarea cols=\"40\" rows=\"10\" class=\"wpcf7-form-control wpcf7-textarea wpcf7-validates-as-required\" aria-required=\"true\" aria-invalid=\"false\" name=\"your-message\"><\/textarea><\/span> <\/label>\n\t<\/p>\n<\/div>\n<p><input class=\"wpcf7-form-control wpcf7-submit has-spinner\" type=\"submit\" value=\"Envoyer\" \/>\n<\/p><div class=\"wpcf7-response-output\" aria-hidden=\"true\"><\/div>\n<\/form>\n<\/div>\n\n","protected":false},"excerpt":{"rendered":"<p>5\/7 rue Georges Berger &#8211; 75017 PARIS T\u00e9l : 01 40 06 92 00 Fax : 01 40 06 92&#8230;<\/p>\n<p class=\"read-more\"><a class=\"btn btn-default\" href=\"https:\/\/france-lex.com\/fr\/contacter-la-societe-davocats-du-manoir-de-juaye\/\">Lire la suite<span class=\"screen-reader-text\"> Lire la suite<\/span><\/a><\/p>\n","protected":false},"author":3,"featured_media":602,"parent":0,"menu_order":0,"comment_status":"closed","ping_status":"closed","template":"","meta":{"footnotes":""},"acf":[],"yoast_head":"<!-- This site is optimized with the Yoast SEO plugin v22.2 - https:\/\/yoast.com\/wordpress\/plugins\/seo\/ -->\n<title>Contacter la Soci\u00e9t\u00e9 d&#039;avocats du Manoir de Juaye<\/title>\n<meta name=\"description\" content=\"Contacter la Soci\u00e9t\u00e9 d&#039;avocats du Manoir de Juaye, qui d\u00e9fendent et conseillent avec le m\u00eame engagement les entreprises et les personnes de droit public\" \/>\n<meta name=\"robots\" content=\"index, follow, max-snippet:-1, max-image-preview:large, max-video-preview:-1\" \/>\n<link rel=\"canonical\" href=\"https:\/\/france-lex.com\/fr\/contacter-la-societe-davocats-du-manoir-de-juaye\/\" \/>\n<meta property=\"og:locale\" content=\"fr_FR\" \/>\n<meta property=\"og:type\" content=\"article\" \/>\n<meta property=\"og:title\" content=\"Contacter la Soci\u00e9t\u00e9 d&#039;avocats du Manoir de Juaye\" \/>\n<meta property=\"og:description\" content=\"Contacter la Soci\u00e9t\u00e9 d&#039;avocats du Manoir de Juaye, qui d\u00e9fendent et conseillent avec le m\u00eame engagement les entreprises et les personnes de droit public\" \/>\n<meta property=\"og:url\" content=\"https:\/\/france-lex.com\/fr\/contacter-la-societe-davocats-du-manoir-de-juaye\/\" \/>\n<meta property=\"og:site_name\" content=\"SOCI\u00c9T\u00c9 D&#039;AVOCATS DU MANOIR DE JUAYE\" \/>\n<meta property=\"article:modified_time\" content=\"2019-10-11T15:07:20+00:00\" \/>\n<meta property=\"og:image\" content=\"https:\/\/france-lex.com\/wp-content\/uploads\/contact.jpg\" \/>\n\t<meta property=\"og:image:width\" content=\"830\" \/>\n\t<meta property=\"og:image:height\" content=\"200\" \/>\n\t<meta property=\"og:image:type\" content=\"image\/jpeg\" \/>\n<meta name=\"twitter:card\" content=\"summary_large_image\" \/>\n<script type=\"application\/ld+json\" class=\"yoast-schema-graph\">{\"@context\":\"https:\/\/schema.org\",\"@graph\":[{\"@type\":\"WebPage\",\"@id\":\"https:\/\/france-lex.com\/fr\/contacter-la-societe-davocats-du-manoir-de-juaye\/\",\"url\":\"https:\/\/france-lex.com\/fr\/contacter-la-societe-davocats-du-manoir-de-juaye\/\",\"name\":\"Contacter la Soci\u00e9t\u00e9 d'avocats du Manoir de Juaye\",\"isPartOf\":{\"@id\":\"https:\/\/france-lex.com\/fr\/#website\"},\"primaryImageOfPage\":{\"@id\":\"https:\/\/france-lex.com\/fr\/contacter-la-societe-davocats-du-manoir-de-juaye\/#primaryimage\"},\"image\":{\"@id\":\"https:\/\/france-lex.com\/fr\/contacter-la-societe-davocats-du-manoir-de-juaye\/#primaryimage\"},\"thumbnailUrl\":\"https:\/\/france-lex.com\/wp-content\/uploads\/contact.jpg\",\"datePublished\":\"2016-08-22T07:37:57+00:00\",\"dateModified\":\"2019-10-11T15:07:20+00:00\",\"description\":\"Contacter la Soci\u00e9t\u00e9 d'avocats du Manoir de Juaye, qui d\u00e9fendent et conseillent avec le m\u00eame engagement les entreprises et les personnes de droit public\",\"breadcrumb\":{\"@id\":\"https:\/\/france-lex.com\/fr\/contacter-la-societe-davocats-du-manoir-de-juaye\/#breadcrumb\"},\"inLanguage\":\"fr-FR\",\"potentialAction\":[{\"@type\":\"ReadAction\",\"target\":[\"https:\/\/france-lex.com\/fr\/contacter-la-societe-davocats-du-manoir-de-juaye\/\"]}]},{\"@type\":\"ImageObject\",\"inLanguage\":\"fr-FR\",\"@id\":\"https:\/\/france-lex.com\/fr\/contacter-la-societe-davocats-du-manoir-de-juaye\/#primaryimage\",\"url\":\"https:\/\/france-lex.com\/wp-content\/uploads\/contact.jpg\",\"contentUrl\":\"https:\/\/france-lex.com\/wp-content\/uploads\/contact.jpg\",\"width\":830,\"height\":200},{\"@type\":\"BreadcrumbList\",\"@id\":\"https:\/\/france-lex.com\/fr\/contacter-la-societe-davocats-du-manoir-de-juaye\/#breadcrumb\",\"itemListElement\":[{\"@type\":\"ListItem\",\"position\":1,\"name\":\"Accueil\",\"item\":\"https:\/\/france-lex.com\/fr\/\"},{\"@type\":\"ListItem\",\"position\":2,\"name\":\"Contact\"}]},{\"@type\":\"WebSite\",\"@id\":\"https:\/\/france-lex.com\/fr\/#website\",\"url\":\"https:\/\/france-lex.com\/fr\/\",\"name\":\"SOCI\u00c9T\u00c9 D&#039;AVOCATS DU MANOIR DE JUAYE\",\"description\":\"5\/7 rue Georges Berger 75017 PARIS  T\u00e9l 01 40 06 92 00 Fax 01 40 06 92 01\",\"potentialAction\":[{\"@type\":\"SearchAction\",\"target\":{\"@type\":\"EntryPoint\",\"urlTemplate\":\"https:\/\/france-lex.com\/fr\/?s={search_term_string}\"},\"query-input\":\"required name=search_term_string\"}],\"inLanguage\":\"fr-FR\"}]}<\/script>\n<!-- \/ Yoast SEO plugin. -->","yoast_head_json":{"title":"Contacter la Soci\u00e9t\u00e9 d'avocats du Manoir de Juaye","description":"Contacter la Soci\u00e9t\u00e9 d'avocats du Manoir de Juaye, qui d\u00e9fendent et conseillent avec le m\u00eame engagement les entreprises et les personnes de droit public","robots":{"index":"index","follow":"follow","max-snippet":"max-snippet:-1","max-image-preview":"max-image-preview:large","max-video-preview":"max-video-preview:-1"},"canonical":"https:\/\/france-lex.com\/fr\/contacter-la-societe-davocats-du-manoir-de-juaye\/","og_locale":"fr_FR","og_type":"article","og_title":"Contacter la Soci\u00e9t\u00e9 d'avocats du Manoir de Juaye","og_description":"Contacter la Soci\u00e9t\u00e9 d'avocats du Manoir de Juaye, qui d\u00e9fendent et conseillent avec le m\u00eame engagement les entreprises et les personnes de droit public","og_url":"https:\/\/france-lex.com\/fr\/contacter-la-societe-davocats-du-manoir-de-juaye\/","og_site_name":"SOCI\u00c9T\u00c9 D&#039;AVOCATS DU MANOIR DE JUAYE","article_modified_time":"2019-10-11T15:07:20+00:00","og_image":[{"width":830,"height":200,"url":"https:\/\/france-lex.com\/wp-content\/uploads\/contact.jpg","type":"image\/jpeg"}],"twitter_card":"summary_large_image","schema":{"@context":"https:\/\/schema.org","@graph":[{"@type":"WebPage","@id":"https:\/\/france-lex.com\/fr\/contacter-la-societe-davocats-du-manoir-de-juaye\/","url":"https:\/\/france-lex.com\/fr\/contacter-la-societe-davocats-du-manoir-de-juaye\/","name":"Contacter la Soci\u00e9t\u00e9 d'avocats du Manoir de Juaye","isPartOf":{"@id":"https:\/\/france-lex.com\/fr\/#website"},"primaryImageOfPage":{"@id":"https:\/\/france-lex.com\/fr\/contacter-la-societe-davocats-du-manoir-de-juaye\/#primaryimage"},"image":{"@id":"https:\/\/france-lex.com\/fr\/contacter-la-societe-davocats-du-manoir-de-juaye\/#primaryimage"},"thumbnailUrl":"https:\/\/france-lex.com\/wp-content\/uploads\/contact.jpg","datePublished":"2016-08-22T07:37:57+00:00","dateModified":"2019-10-11T15:07:20+00:00","description":"Contacter la Soci\u00e9t\u00e9 d'avocats du Manoir de Juaye, qui d\u00e9fendent et conseillent avec le m\u00eame engagement les entreprises et les personnes de droit public","breadcrumb":{"@id":"https:\/\/france-lex.com\/fr\/contacter-la-societe-davocats-du-manoir-de-juaye\/#breadcrumb"},"inLanguage":"fr-FR","potentialAction":[{"@type":"ReadAction","target":["https:\/\/france-lex.com\/fr\/contacter-la-societe-davocats-du-manoir-de-juaye\/"]}]},{"@type":"ImageObject","inLanguage":"fr-FR","@id":"https:\/\/france-lex.com\/fr\/contacter-la-societe-davocats-du-manoir-de-juaye\/#primaryimage","url":"https:\/\/france-lex.com\/wp-content\/uploads\/contact.jpg","contentUrl":"https:\/\/france-lex.com\/wp-content\/uploads\/contact.jpg","width":830,"height":200},{"@type":"BreadcrumbList","@id":"https:\/\/france-lex.com\/fr\/contacter-la-societe-davocats-du-manoir-de-juaye\/#breadcrumb","itemListElement":[{"@type":"ListItem","position":1,"name":"Accueil","item":"https:\/\/france-lex.com\/fr\/"},{"@type":"ListItem","position":2,"name":"Contact"}]},{"@type":"WebSite","@id":"https:\/\/france-lex.com\/fr\/#website","url":"https:\/\/france-lex.com\/fr\/","name":"SOCI\u00c9T\u00c9 D&#039;AVOCATS DU MANOIR DE JUAYE","description":"5\/7 rue Georges Berger 75017 PARIS  T\u00e9l 01 40 06 92 00 Fax 01 40 06 92 01","potentialAction":[{"@type":"SearchAction","target":{"@type":"EntryPoint","urlTemplate":"https:\/\/france-lex.com\/fr\/?s={search_term_string}"},"query-input":"required name=search_term_string"}],"inLanguage":"fr-FR"}]}},"jetpack_sharing_enabled":true,"_links":{"self":[{"href":"https:\/\/france-lex.com\/fr\/wp-json\/wp\/v2\/pages\/397"}],"collection":[{"href":"https:\/\/france-lex.com\/fr\/wp-json\/wp\/v2\/pages"}],"about":[{"href":"https:\/\/france-lex.com\/fr\/wp-json\/wp\/v2\/types\/page"}],"author":[{"embeddable":true,"href":"https:\/\/france-lex.com\/fr\/wp-json\/wp\/v2\/users\/3"}],"replies":[{"embeddable":true,"href":"https:\/\/france-lex.com\/fr\/wp-json\/wp\/v2\/comments?post=397"}],"version-history":[{"count":8,"href":"https:\/\/france-lex.com\/fr\/wp-json\/wp\/v2\/pages\/397\/revisions"}],"predecessor-version":[{"id":720,"href":"https:\/\/france-lex.com\/fr\/wp-json\/wp\/v2\/pages\/397\/revisions\/720"}],"wp:featuredmedia":[{"embeddable":true,"href":"https:\/\/france-lex.com\/fr\/wp-json\/wp\/v2\/media\/602"}],"wp:attachment":[{"href":"https:\/\/france-lex.com\/fr\/wp-json\/wp\/v2\/media?parent=397"}],"curies":[{"name":"wp","href":"https:\/\/api.w.org\/{rel}","templated":true}]}}