{"id":706,"date":"2018-03-27T19:15:35","date_gmt":"2018-03-27T17:15:35","guid":{"rendered":"https:\/\/france-lex.com\/?page_id=706"},"modified":"2018-03-27T19:15:36","modified_gmt":"2018-03-27T17:15:36","slug":"mentions-legales","status":"publish","type":"page","link":"https:\/\/france-lex.com\/fr\/mentions-legales\/","title":{"rendered":"Mentions l\u00e9gales"},"content":{"rendered":"<p>Le pr\u00e9sent site est \u00e9dit\u00e9 par la SELARL DU MANOIR DE JUAYE au capital de 60 075 Euros, inscrite au registre du commerce et des soci\u00e9t\u00e9s de Paris sous le num\u00e9ro 422 604 488, ayant pour num\u00e9ro de TVA intra-communautaire  FR02422604488 dont le si\u00e8ge social est situ\u00e9 5\/7 rue Georges Berger, 75017 Paris.<\/p>\n<p>La SELARL DU MANOIR est un cabinet d\u2019avocat dont tous les avocats sont inscrits au Barreau de Paris, et sont ainsi rattach\u00e9s \u00e0 l\u2019Ordre du barreau de Paris (France).<\/p>\n<p>Vous pouvez nous joindre par t\u00e9l\u00e9phone au 01.40.06.92.00, par fax : 01.40.06.92.01 ou par courriel \u00e0 :juaye@france-lex.com<\/p>\n<p>Directeur de la publication :  Thibault du MANOIR de JUAYE situ\u00e9 5\/7 rue Georges Berger, 75017 Paris.<\/p>\n<p> Conform\u00e9ment aux dispositions des articles L612-1 et suivants du Code de la consommation, vous avez la possibilit\u00e9, en cas de litige, de recourir gratuitement au M\u00e9diateur de la consommation aupr\u00e8s du Conseil National des Barreaux (CNB) dont les coordonn\u00e9es sont les suivantes : CNB, M\u00e9diateur \u00e0 la consommation, 180 Boulevard Haussmann-75008 Paris.<\/p>\n","protected":false},"excerpt":{"rendered":"<p>Le pr\u00e9sent site est \u00e9dit\u00e9 par la SELARL DU MANOIR DE JUAYE au capital de 60 075 Euros, inscrite au&#8230;<\/p>\n<p class=\"read-more\"><a class=\"btn btn-default\" href=\"https:\/\/france-lex.com\/fr\/mentions-legales\/\">Lire la suite<span class=\"screen-reader-text\"> Lire la suite<\/span><\/a><\/p>\n","protected":false},"author":3,"featured_media":0,"parent":0,"menu_order":0,"comment_status":"closed","ping_status":"closed","template":"","meta":{"footnotes":""},"acf":[],"yoast_head":"<!-- This site is optimized with the Yoast SEO plugin v22.2 - https:\/\/yoast.com\/wordpress\/plugins\/seo\/ -->\n<title>Mentions l\u00e9gales &#183; SOCI\u00c9T\u00c9 D&#039;AVOCATS DU MANOIR DE JUAYE<\/title>\n<meta name=\"robots\" content=\"index, follow, max-snippet:-1, max-image-preview:large, max-video-preview:-1\" \/>\n<link rel=\"canonical\" href=\"https:\/\/france-lex.com\/fr\/mentions-legales\/\" \/>\n<meta property=\"og:locale\" content=\"fr_FR\" \/>\n<meta property=\"og:type\" content=\"article\" \/>\n<meta property=\"og:title\" content=\"Mentions l\u00e9gales &#183; SOCI\u00c9T\u00c9 D&#039;AVOCATS DU MANOIR DE JUAYE\" \/>\n<meta property=\"og:description\" content=\"Le pr\u00e9sent site est \u00e9dit\u00e9 par la SELARL DU MANOIR DE JUAYE au capital de 60 075 Euros, inscrite au...Lire la suite Lire la suite\" \/>\n<meta property=\"og:url\" content=\"https:\/\/france-lex.com\/fr\/mentions-legales\/\" \/>\n<meta property=\"og:site_name\" content=\"SOCI\u00c9T\u00c9 D&#039;AVOCATS DU MANOIR DE JUAYE\" \/>\n<meta property=\"article:modified_time\" content=\"2018-03-27T17:15:36+00:00\" \/>\n<meta name=\"twitter:card\" content=\"summary_large_image\" \/>\n<meta name=\"twitter:label1\" content=\"Dur\u00e9e de lecture estim\u00e9e\" \/>\n\t<meta name=\"twitter:data1\" content=\"1 minute\" \/>\n<script type=\"application\/ld+json\" class=\"yoast-schema-graph\">{\"@context\":\"https:\/\/schema.org\",\"@graph\":[{\"@type\":\"WebPage\",\"@id\":\"https:\/\/france-lex.com\/fr\/mentions-legales\/\",\"url\":\"https:\/\/france-lex.com\/fr\/mentions-legales\/\",\"name\":\"Mentions l\u00e9gales &#183; SOCI\u00c9T\u00c9 D&#039;AVOCATS DU MANOIR DE JUAYE\",\"isPartOf\":{\"@id\":\"https:\/\/france-lex.com\/fr\/#website\"},\"datePublished\":\"2018-03-27T17:15:35+00:00\",\"dateModified\":\"2018-03-27T17:15:36+00:00\",\"breadcrumb\":{\"@id\":\"https:\/\/france-lex.com\/fr\/mentions-legales\/#breadcrumb\"},\"inLanguage\":\"fr-FR\",\"potentialAction\":[{\"@type\":\"ReadAction\",\"target\":[\"https:\/\/france-lex.com\/fr\/mentions-legales\/\"]}]},{\"@type\":\"BreadcrumbList\",\"@id\":\"https:\/\/france-lex.com\/fr\/mentions-legales\/#breadcrumb\",\"itemListElement\":[{\"@type\":\"ListItem\",\"position\":1,\"name\":\"Accueil\",\"item\":\"https:\/\/france-lex.com\/fr\/\"},{\"@type\":\"ListItem\",\"position\":2,\"name\":\"Mentions l\u00e9gales\"}]},{\"@type\":\"WebSite\",\"@id\":\"https:\/\/france-lex.com\/fr\/#website\",\"url\":\"https:\/\/france-lex.com\/fr\/\",\"name\":\"SOCI\u00c9T\u00c9 D&#039;AVOCATS DU MANOIR DE JUAYE\",\"description\":\"5\/7 rue Georges Berger 75017 PARIS  T\u00e9l 01 40 06 92 00 Fax 01 40 06 92 01\",\"potentialAction\":[{\"@type\":\"SearchAction\",\"target\":{\"@type\":\"EntryPoint\",\"urlTemplate\":\"https:\/\/france-lex.com\/fr\/?s={search_term_string}\"},\"query-input\":\"required name=search_term_string\"}],\"inLanguage\":\"fr-FR\"}]}<\/script>\n<!-- \/ Yoast SEO plugin. -->","yoast_head_json":{"title":"Mentions l\u00e9gales &#183; SOCI\u00c9T\u00c9 D&#039;AVOCATS DU MANOIR DE JUAYE","robots":{"index":"index","follow":"follow","max-snippet":"max-snippet:-1","max-image-preview":"max-image-preview:large","max-video-preview":"max-video-preview:-1"},"canonical":"https:\/\/france-lex.com\/fr\/mentions-legales\/","og_locale":"fr_FR","og_type":"article","og_title":"Mentions l\u00e9gales &#183; SOCI\u00c9T\u00c9 D&#039;AVOCATS DU MANOIR DE JUAYE","og_description":"Le pr\u00e9sent site est \u00e9dit\u00e9 par la SELARL DU MANOIR DE JUAYE au capital de 60 075 Euros, inscrite au...Lire la suite Lire la suite","og_url":"https:\/\/france-lex.com\/fr\/mentions-legales\/","og_site_name":"SOCI\u00c9T\u00c9 D&#039;AVOCATS DU MANOIR DE JUAYE","article_modified_time":"2018-03-27T17:15:36+00:00","twitter_card":"summary_large_image","twitter_misc":{"Dur\u00e9e de lecture estim\u00e9e":"1 minute"},"schema":{"@context":"https:\/\/schema.org","@graph":[{"@type":"WebPage","@id":"https:\/\/france-lex.com\/fr\/mentions-legales\/","url":"https:\/\/france-lex.com\/fr\/mentions-legales\/","name":"Mentions l\u00e9gales &#183; SOCI\u00c9T\u00c9 D&#039;AVOCATS DU MANOIR DE JUAYE","isPartOf":{"@id":"https:\/\/france-lex.com\/fr\/#website"},"datePublished":"2018-03-27T17:15:35+00:00","dateModified":"2018-03-27T17:15:36+00:00","breadcrumb":{"@id":"https:\/\/france-lex.com\/fr\/mentions-legales\/#breadcrumb"},"inLanguage":"fr-FR","potentialAction":[{"@type":"ReadAction","target":["https:\/\/france-lex.com\/fr\/mentions-legales\/"]}]},{"@type":"BreadcrumbList","@id":"https:\/\/france-lex.com\/fr\/mentions-legales\/#breadcrumb","itemListElement":[{"@type":"ListItem","position":1,"name":"Accueil","item":"https:\/\/france-lex.com\/fr\/"},{"@type":"ListItem","position":2,"name":"Mentions l\u00e9gales"}]},{"@type":"WebSite","@id":"https:\/\/france-lex.com\/fr\/#website","url":"https:\/\/france-lex.com\/fr\/","name":"SOCI\u00c9T\u00c9 D&#039;AVOCATS DU MANOIR DE JUAYE","description":"5\/7 rue Georges Berger 75017 PARIS  T\u00e9l 01 40 06 92 00 Fax 01 40 06 92 01","potentialAction":[{"@type":"SearchAction","target":{"@type":"EntryPoint","urlTemplate":"https:\/\/france-lex.com\/fr\/?s={search_term_string}"},"query-input":"required name=search_term_string"}],"inLanguage":"fr-FR"}]}},"jetpack_sharing_enabled":true,"_links":{"self":[{"href":"https:\/\/france-lex.com\/fr\/wp-json\/wp\/v2\/pages\/706"}],"collection":[{"href":"https:\/\/france-lex.com\/fr\/wp-json\/wp\/v2\/pages"}],"about":[{"href":"https:\/\/france-lex.com\/fr\/wp-json\/wp\/v2\/types\/page"}],"author":[{"embeddable":true,"href":"https:\/\/france-lex.com\/fr\/wp-json\/wp\/v2\/users\/3"}],"replies":[{"embeddable":true,"href":"https:\/\/france-lex.com\/fr\/wp-json\/wp\/v2\/comments?post=706"}],"version-history":[{"count":1,"href":"https:\/\/france-lex.com\/fr\/wp-json\/wp\/v2\/pages\/706\/revisions"}],"predecessor-version":[{"id":707,"href":"https:\/\/france-lex.com\/fr\/wp-json\/wp\/v2\/pages\/706\/revisions\/707"}],"wp:attachment":[{"href":"https:\/\/france-lex.com\/fr\/wp-json\/wp\/v2\/media?parent=706"}],"curies":[{"name":"wp","href":"https:\/\/api.w.org\/{rel}","templated":true}]}}