{"id":83,"date":"2016-08-17T11:49:21","date_gmt":"2016-08-17T09:49:21","guid":{"rendered":"http:\/\/france-lex.com\/fr\/?page_id=83"},"modified":"2023-06-23T14:54:35","modified_gmt":"2023-06-23T12:54:35","slug":"honoraires","status":"publish","type":"page","link":"https:\/\/france-lex.com\/fr\/honoraires\/","title":{"rendered":"Honoraires"},"content":{"rendered":"<div style=\"border: 1px solid #ccc; text-align: center; background: #dfe2ea; padding: 5px; margin-bottom: 3rem;\"><em><a style=\"text-decoration: underline;\" href=\"https:\/\/paiement.systempay.fr\/vads-site\/paiement_france_lex\" target=\"_blank\" rel=\"noopener\">Paiements CB<\/a>.<\/em><\/div>\n<p>Les honoraires de la soci\u00e9t\u00e9 du MANOIR de JUAYE sont calcul\u00e9s selon les exigences du r\u00e8glement int\u00e9rieur de l&rsquo;Ordre des Avocats \u00e0 la Cour de PARIS.<\/p>\n<p>Une convention d&rsquo;honoraires est sign\u00e9 entre le Client et le Cabinet du MANOIR de JUAYE avant toute intervention.<\/p>\n<p>Lors de cette convention, sont remises au Client les modalit\u00e9s d&rsquo;acc\u00e9s \u00e0 l&rsquo;extranet du Cabinet qui lui permet de contr\u00f4ler les aspects financiers du dossier et notamment le temps pass\u00e9, la facturation et les r\u00e9glements.<\/p>\n<p>Il existe trois modes de facturation.<\/p>\n<p>En outre, la soci\u00e9t\u00e9 du MANOIR de JUAYE et associ\u00e9s refacture ses diff\u00e9rents frais au client selon les modalit\u00e9s indiqu\u00e9es au point 4.<\/p>\n<ol>\n<li>Une facturation sur la base du temps pass\u00e9.<br \/>\nLe tarif des intervenants varie selon leur comp\u00e9tence, leur sp\u00e9cialit\u00e9, leur anciennet\u00e9 et la difficult\u00e9 du dossier.<br \/>\nLe taux horaire des diff\u00e9rents membres du Cabinet varie de 100 \u00e0 325 Euros.<br \/>\nComme il est d&rsquo;usage dans la profession d&rsquo;Avocat, une somme est demand\u00e9e \u00e0 titre de provision lors de l&rsquo;ouverture du dossier. Cette provision est ensuite d\u00e9duite du montant de la derni\u00e8re facture \u00e9mise dans le dossier.<\/li>\n<li>Une facturation compos\u00e9e d&rsquo;un fixe et d&rsquo;un compl\u00e9ment en cas de succ\u00e8s.<br \/>\nCe compl\u00e9ment peut \u00eatre une somme fixe ou un pourcentage sur les gains obtenus ou l&rsquo;\u00e9conomie r\u00e9alis\u00e9e.<\/li>\n<li>Une facturation sur la base du temps pass\u00e9 avec un compl\u00e9ment en cas de succ\u00e8s.<br \/>\nCe compl\u00e9ment peut \u00eatre une somme fixe ou un pourcentage sur les gains obtenus ou l&rsquo;\u00e9conomie r\u00e9alis\u00e9e.<br \/>\nComme il est d&rsquo;usage dans la profession d&rsquo;Avocat, une somme est demand\u00e9e \u00e0 titre de provision lors de l&rsquo;ouverture du dossier.<br \/>\nCette provision est ensuite d\u00e9duite du montant de la derni\u00e8re facture \u00e9mise dans le dossier.<\/li>\n<li>Refacturation des frais.<\/li>\n<\/ol>\n<p>Ne sont pas compris dans les honoraires et sont donc refactur\u00e9s au client du cabinet :<\/p>\n<p>Les imp\u00f4ts et taxes;<br \/>\nLes frais divers (exemples : frais de recherches sur bases de donn\u00e9es ; frais de port et d&rsquo;exp\u00e9dition ; frais de documentations ; frais de reprographie, frais de CFE&#8230;)<br \/>\nLes frais de proc\u00e9dure en mati\u00e8re contentieuse (exemples : frais de placement ; frais d&rsquo;huissier..), sachant que ces derniers sont g\u00e9n\u00e9ralement laiss\u00e9 \u00e0 la charge de celui qui succombe devant la juridiction.<br \/>\nLes frais de proc\u00e9dure en mati\u00e8re de droit des soci\u00e9t\u00e9s ( exemples : frais de greffe ; frais de CFE&#8230;)<br \/>\nLe temps pass\u00e9 pour la transmission du dossier \u00e0 un tiers.<\/p>\n<p><b>UN EXEMPLE<\/b><\/p>\n<p>En cas de contestation de licenciement par un salari\u00e9 devant un conseil de prud&rsquo;hommes, les honoraires de la SELARL du MANOIR de JUAYE sont souvent calcul\u00e9s de la mani\u00e8re suivante :<\/p>\n<ul>\n<li>Une partie fixe comprise en 2000 et 3000 Euros H.T.<\/li>\n<li>Une partie variable comprise en 10 \u00e0 20 % des sommes que l&#8217;employeur est condamn\u00e9e \u00e0 r\u00e9gler au salari\u00e9.<\/li>\n<li>Si le dossier continue devant la cour d&rsquo;appel, une nouvelle partie fixe d&rsquo;environ 1000 Euros est redemand\u00e9e. La partie variable reste inchang\u00e9e.<\/li>\n<\/ul>\n<p>Conform\u00e9ment \u00e0 nos r\u00e8gles d\u00e9ontologiques, ces \u00e9l\u00e9ments sont indicatifs et susceptibles d\u2019\u00eatre adapt\u00e9s en fonction de chaque client justifiant d\u2019une situation particuli\u00e8re.<\/p>\n<p>Pour plus d&rsquo;informations <a href=\"http:\/\/www.avocatparis.org\/Votre_avocat\/fixation_honoraires.aspx\">Cliquez ici<\/a><\/p>\n","protected":false},"excerpt":{"rendered":"<p>Paiements CB. Les honoraires de la soci\u00e9t\u00e9 du MANOIR de JUAYE sont calcul\u00e9s selon les exigences du r\u00e8glement int\u00e9rieur de&#8230;<\/p>\n<p class=\"read-more\"><a class=\"btn btn-default\" href=\"https:\/\/france-lex.com\/fr\/honoraires\/\">Lire la suite<span class=\"screen-reader-text\"> Lire la suite<\/span><\/a><\/p>\n","protected":false},"author":3,"featured_media":0,"parent":0,"menu_order":0,"comment_status":"closed","ping_status":"closed","template":"","meta":{"footnotes":""},"acf":[],"yoast_head":"<!-- This site is optimized with the Yoast SEO plugin v22.2 - https:\/\/yoast.com\/wordpress\/plugins\/seo\/ -->\n<title>Certifi\u00e9 ISO 9001, le cabinet garantit la transparence des honoraires<\/title>\n<meta name=\"description\" content=\"Certifi\u00e9 ISO 9001, le cabinet d&#039;avocats du Manoir de Juaye garantit la qualit\u00e9 du service, la clart\u00e9 de l&#039;offre et la transparence des honoraires\" \/>\n<meta name=\"robots\" content=\"index, follow, max-snippet:-1, max-image-preview:large, max-video-preview:-1\" \/>\n<link rel=\"canonical\" href=\"https:\/\/france-lex.com\/fr\/honoraires\/\" \/>\n<meta property=\"og:locale\" content=\"fr_FR\" \/>\n<meta property=\"og:type\" content=\"article\" \/>\n<meta property=\"og:title\" content=\"Certifi\u00e9 ISO 9001, le cabinet garantit la transparence des honoraires\" \/>\n<meta property=\"og:description\" content=\"Certifi\u00e9 ISO 9001, le cabinet d&#039;avocats du Manoir de Juaye garantit la qualit\u00e9 du service, la clart\u00e9 de l&#039;offre et la transparence des honoraires\" \/>\n<meta property=\"og:url\" content=\"https:\/\/france-lex.com\/fr\/honoraires\/\" \/>\n<meta property=\"og:site_name\" content=\"SOCI\u00c9T\u00c9 D&#039;AVOCATS DU MANOIR DE JUAYE\" \/>\n<meta property=\"article:modified_time\" content=\"2023-06-23T12:54:35+00:00\" \/>\n<meta name=\"twitter:card\" content=\"summary_large_image\" \/>\n<meta name=\"twitter:label1\" content=\"Dur\u00e9e de lecture estim\u00e9e\" \/>\n\t<meta name=\"twitter:data1\" content=\"3 minutes\" \/>\n<script type=\"application\/ld+json\" class=\"yoast-schema-graph\">{\"@context\":\"https:\/\/schema.org\",\"@graph\":[{\"@type\":\"WebPage\",\"@id\":\"https:\/\/france-lex.com\/fr\/honoraires\/\",\"url\":\"https:\/\/france-lex.com\/fr\/honoraires\/\",\"name\":\"Certifi\u00e9 ISO 9001, le cabinet garantit la transparence des honoraires\",\"isPartOf\":{\"@id\":\"https:\/\/france-lex.com\/fr\/#website\"},\"datePublished\":\"2016-08-17T09:49:21+00:00\",\"dateModified\":\"2023-06-23T12:54:35+00:00\",\"description\":\"Certifi\u00e9 ISO 9001, le cabinet d'avocats du Manoir de Juaye garantit la qualit\u00e9 du service, la clart\u00e9 de l'offre et la transparence des honoraires\",\"breadcrumb\":{\"@id\":\"https:\/\/france-lex.com\/fr\/honoraires\/#breadcrumb\"},\"inLanguage\":\"fr-FR\",\"potentialAction\":[{\"@type\":\"ReadAction\",\"target\":[\"https:\/\/france-lex.com\/fr\/honoraires\/\"]}]},{\"@type\":\"BreadcrumbList\",\"@id\":\"https:\/\/france-lex.com\/fr\/honoraires\/#breadcrumb\",\"itemListElement\":[{\"@type\":\"ListItem\",\"position\":1,\"name\":\"Accueil\",\"item\":\"https:\/\/france-lex.com\/fr\/\"},{\"@type\":\"ListItem\",\"position\":2,\"name\":\"Honoraires\"}]},{\"@type\":\"WebSite\",\"@id\":\"https:\/\/france-lex.com\/fr\/#website\",\"url\":\"https:\/\/france-lex.com\/fr\/\",\"name\":\"SOCI\u00c9T\u00c9 D&#039;AVOCATS DU MANOIR DE JUAYE\",\"description\":\"5\/7 rue Georges Berger 75017 PARIS  T\u00e9l 01 40 06 92 00 Fax 01 40 06 92 01\",\"potentialAction\":[{\"@type\":\"SearchAction\",\"target\":{\"@type\":\"EntryPoint\",\"urlTemplate\":\"https:\/\/france-lex.com\/fr\/?s={search_term_string}\"},\"query-input\":\"required name=search_term_string\"}],\"inLanguage\":\"fr-FR\"}]}<\/script>\n<!-- \/ Yoast SEO plugin. -->","yoast_head_json":{"title":"Certifi\u00e9 ISO 9001, le cabinet garantit la transparence des honoraires","description":"Certifi\u00e9 ISO 9001, le cabinet d'avocats du Manoir de Juaye garantit la qualit\u00e9 du service, la clart\u00e9 de l'offre et la transparence des honoraires","robots":{"index":"index","follow":"follow","max-snippet":"max-snippet:-1","max-image-preview":"max-image-preview:large","max-video-preview":"max-video-preview:-1"},"canonical":"https:\/\/france-lex.com\/fr\/honoraires\/","og_locale":"fr_FR","og_type":"article","og_title":"Certifi\u00e9 ISO 9001, le cabinet garantit la transparence des honoraires","og_description":"Certifi\u00e9 ISO 9001, le cabinet d'avocats du Manoir de Juaye garantit la qualit\u00e9 du service, la clart\u00e9 de l'offre et la transparence des honoraires","og_url":"https:\/\/france-lex.com\/fr\/honoraires\/","og_site_name":"SOCI\u00c9T\u00c9 D&#039;AVOCATS DU MANOIR DE JUAYE","article_modified_time":"2023-06-23T12:54:35+00:00","twitter_card":"summary_large_image","twitter_misc":{"Dur\u00e9e de lecture estim\u00e9e":"3 minutes"},"schema":{"@context":"https:\/\/schema.org","@graph":[{"@type":"WebPage","@id":"https:\/\/france-lex.com\/fr\/honoraires\/","url":"https:\/\/france-lex.com\/fr\/honoraires\/","name":"Certifi\u00e9 ISO 9001, le cabinet garantit la transparence des honoraires","isPartOf":{"@id":"https:\/\/france-lex.com\/fr\/#website"},"datePublished":"2016-08-17T09:49:21+00:00","dateModified":"2023-06-23T12:54:35+00:00","description":"Certifi\u00e9 ISO 9001, le cabinet d'avocats du Manoir de Juaye garantit la qualit\u00e9 du service, la clart\u00e9 de l'offre et la transparence des honoraires","breadcrumb":{"@id":"https:\/\/france-lex.com\/fr\/honoraires\/#breadcrumb"},"inLanguage":"fr-FR","potentialAction":[{"@type":"ReadAction","target":["https:\/\/france-lex.com\/fr\/honoraires\/"]}]},{"@type":"BreadcrumbList","@id":"https:\/\/france-lex.com\/fr\/honoraires\/#breadcrumb","itemListElement":[{"@type":"ListItem","position":1,"name":"Accueil","item":"https:\/\/france-lex.com\/fr\/"},{"@type":"ListItem","position":2,"name":"Honoraires"}]},{"@type":"WebSite","@id":"https:\/\/france-lex.com\/fr\/#website","url":"https:\/\/france-lex.com\/fr\/","name":"SOCI\u00c9T\u00c9 D&#039;AVOCATS DU MANOIR DE JUAYE","description":"5\/7 rue Georges Berger 75017 PARIS  T\u00e9l 01 40 06 92 00 Fax 01 40 06 92 01","potentialAction":[{"@type":"SearchAction","target":{"@type":"EntryPoint","urlTemplate":"https:\/\/france-lex.com\/fr\/?s={search_term_string}"},"query-input":"required name=search_term_string"}],"inLanguage":"fr-FR"}]}},"jetpack_sharing_enabled":true,"_links":{"self":[{"href":"https:\/\/france-lex.com\/fr\/wp-json\/wp\/v2\/pages\/83"}],"collection":[{"href":"https:\/\/france-lex.com\/fr\/wp-json\/wp\/v2\/pages"}],"about":[{"href":"https:\/\/france-lex.com\/fr\/wp-json\/wp\/v2\/types\/page"}],"author":[{"embeddable":true,"href":"https:\/\/france-lex.com\/fr\/wp-json\/wp\/v2\/users\/3"}],"replies":[{"embeddable":true,"href":"https:\/\/france-lex.com\/fr\/wp-json\/wp\/v2\/comments?post=83"}],"version-history":[{"count":21,"href":"https:\/\/france-lex.com\/fr\/wp-json\/wp\/v2\/pages\/83\/revisions"}],"predecessor-version":[{"id":1129,"href":"https:\/\/france-lex.com\/fr\/wp-json\/wp\/v2\/pages\/83\/revisions\/1129"}],"wp:attachment":[{"href":"https:\/\/france-lex.com\/fr\/wp-json\/wp\/v2\/media?parent=83"}],"curies":[{"name":"wp","href":"https:\/\/api.w.org\/{rel}","templated":true}]}}